{"id":11,"date":"2020-08-18T15:00:09","date_gmt":"2020-08-18T15:00:09","guid":{"rendered":"http:\/\/www.studio33center.com\/?page_id=11"},"modified":"2021-02-07T19:11:07","modified_gmt":"2021-02-07T19:11:07","slug":"home","status":"publish","type":"page","link":"https:\/\/www.studio33center.com\/","title":{"rendered":"Home"},"content":{"rendered":"\t\t<div data-elementor-type=\"wp-page\" data-elementor-id=\"11\" class=\"elementor elementor-11\">\n\t\t\t\t\t\t<div class=\"elementor-inner\">\n\t\t\t\t<div class=\"elementor-section-wrap\">\n\t\t\t\t\t\t\t\t\t<section class=\"elementor-section elementor-top-section elementor-element elementor-element-62026495 elementor-section-content-middle elementor-reverse-mobile elementor-section-boxed elementor-section-height-default elementor-section-height-default\" data-id=\"62026495\" data-element_type=\"section\" data-settings=\"{&quot;background_background&quot;:&quot;classic&quot;}\">\n\t\t\t\t\t\t<div class=\"elementor-container elementor-column-gap-no\">\n\t\t\t\t\t\t\t<div class=\"elementor-row\">\n\t\t\t\t\t<div class=\"elementor-column elementor-col-50 elementor-top-column elementor-element elementor-element-7146b7f3\" data-id=\"7146b7f3\" data-element_type=\"column\">\n\t\t\t<div class=\"elementor-column-wrap elementor-element-populated\">\n\t\t\t\t\t\t\t<div class=\"elementor-widget-wrap\">\n\t\t\t\t\t\t<div class=\"elementor-element elementor-element-69a64594 elementor-widget elementor-widget-text-editor\" data-id=\"69a64594\" data-element_type=\"widget\" data-widget_type=\"text-editor.default\">\n\t\t\t\t<div class=\"elementor-widget-container\">\n\t\t\t\t\t\t\t\t<div class=\"elementor-text-editor elementor-clearfix\">\n\t\t\t\t<p><strong>&nbsp; &nbsp; &nbsp; &nbsp; &nbsp;Sobre nosotros&#8230;.<\/strong><\/p>\t\t\t\t\t<\/div>\n\t\t\t\t\t\t<\/div>\n\t\t\t\t<\/div>\n\t\t\t\t<div class=\"elementor-element elementor-element-2d5bca76 elementor-widget elementor-widget-text-editor\" data-id=\"2d5bca76\" data-element_type=\"widget\" data-widget_type=\"text-editor.default\">\n\t\t\t\t<div class=\"elementor-widget-container\">\n\t\t\t\t\t\t\t\t<div class=\"elementor-text-editor elementor-clearfix\">\n\t\t\t\t<p>Somos un Centro Art\u00edstico Formativo d\u00f3nde ofreceremos una programaci\u00f3n diversa de actividades para todos los p\u00fablicos con un enfoque diferente. Ayudamos a Artistas a promocionar sus obras, a nuestros visitantes a desconectar con Arte y a clientes\/alumnos a mejorar sus competencias y disfrutar con actividades creativas. Un espacio multidisciplinar para las propuestas m\u00e1s actuales donde crear una vibrante atm\u00f3sfera de intercambio y colaboraciones conjuntas, ubicado en un lugar privilegiado de la ciudad. Local disponible 24horas\/d\u00eda- los 365 para programar cualquier actividad. Cons\u00faltanos.<\/p>\t\t\t\t\t<\/div>\n\t\t\t\t\t\t<\/div>\n\t\t\t\t<\/div>\n\t\t\t\t\t\t<\/div>\n\t\t\t\t\t<\/div>\n\t\t<\/div>\n\t\t\t\t<div class=\"elementor-column elementor-col-50 elementor-top-column elementor-element elementor-element-53503f30\" data-id=\"53503f30\" data-element_type=\"column\">\n\t\t\t<div class=\"elementor-column-wrap elementor-element-populated\">\n\t\t\t\t\t\t\t<div class=\"elementor-widget-wrap\">\n\t\t\t\t\t\t<div class=\"elementor-element elementor-element-3dc8d444 elementor-widget elementor-widget-image\" data-id=\"3dc8d444\" data-element_type=\"widget\" data-widget_type=\"image.default\">\n\t\t\t\t<div class=\"elementor-widget-container\">\n\t\t\t\t\t\t\t\t<div class=\"elementor-image\">\n\t\t\t\t\t\t\t\t\t\t\t\t<img loading=\"-\" decoding=\"async\" decoding=\"async\" width=\"1303\" height=\"739\" src=\"https:\/\/www.studio33center.com\/wp-content\/uploads\/2020\/09\/Galeria-new.jpg\" class=\"attachment-full size-full\" alt=\"\" srcset=\"https:\/\/www.studio33center.com\/wp-content\/uploads\/2020\/09\/Galeria-new.jpg 1303w, https:\/\/www.studio33center.com\/wp-content\/uploads\/2020\/09\/Galeria-new-300x170.jpg 300w, https:\/\/www.studio33center.com\/wp-content\/uploads\/2020\/09\/Galeria-new-1024x581.jpg 1024w, https:\/\/www.studio33center.com\/wp-content\/uploads\/2020\/09\/Galeria-new-768x436.jpg 768w, https:\/\/www.studio33center.com\/wp-content\/uploads\/2020\/09\/Galeria-new-600x340.jpg 600w\" sizes=\"(max-width: 1303px) 100vw, 1303px\" loading=\"lazy\" \/>\t\t\t\t\t\t\t\t\t\t\t\t\t\t<\/div>\n\t\t\t\t\t\t<\/div>\n\t\t\t\t<\/div>\n\t\t\t\t\t\t<\/div>\n\t\t\t\t\t<\/div>\n\t\t<\/div>\n\t\t\t\t\t\t\t\t<\/div>\n\t\t\t\t\t<\/div>\n\t\t<\/section>\n\t\t\t\t<section class=\"elementor-section elementor-top-section elementor-element elementor-element-50c04b05 elementor-section-content-middle elementor-section-full_width elementor-section-height-min-height elementor-section-height-default elementor-section-items-middle\" data-id=\"50c04b05\" data-element_type=\"section\">\n\t\t\t\t\t\t<div class=\"elementor-container elementor-column-gap-no\">\n\t\t\t\t\t\t\t<div class=\"elementor-row\">\n\t\t\t\t\t<div class=\"elementor-column elementor-col-100 elementor-top-column elementor-element elementor-element-1a6795d2\" data-id=\"1a6795d2\" data-element_type=\"column\">\n\t\t\t<div class=\"elementor-column-wrap elementor-element-populated\">\n\t\t\t\t\t\t\t<div class=\"elementor-widget-wrap\">\n\t\t\t\t\t\t<div class=\"elementor-element elementor-element-235ae96 elementor-aspect-ratio-169 elementor-widget elementor-widget-video\" data-id=\"235ae96\" data-element_type=\"widget\" data-settings=\"{&quot;youtube_url&quot;:&quot;https:\\\/\\\/youtu.be\\\/UMrLaJyfex4&quot;,&quot;start&quot;:0,&quot;end&quot;:193,&quot;autoplay&quot;:&quot;yes&quot;,&quot;video_type&quot;:&quot;youtube&quot;,&quot;controls&quot;:&quot;yes&quot;,&quot;aspect_ratio&quot;:&quot;169&quot;}\" data-widget_type=\"video.default\">\n\t\t\t\t<div class=\"elementor-widget-container\">\n\t\t\t\t\t<div class=\"elementor-wrapper elementor-fit-aspect-ratio elementor-open-inline\">\n\t\t\t<div class=\"elementor-video\"><\/div>\t\t<\/div>\n\t\t\t\t<\/div>\n\t\t\t\t<\/div>\n\t\t\t\t\t\t<\/div>\n\t\t\t\t\t<\/div>\n\t\t<\/div>\n\t\t\t\t\t\t\t\t<\/div>\n\t\t\t\t\t<\/div>\n\t\t<\/section>\n\t\t\t\t<section class=\"elementor-section elementor-top-section elementor-element elementor-element-6a927b39 elementor-section-content-middle elementor-reverse-mobile elementor-section-boxed elementor-section-height-default elementor-section-height-default\" data-id=\"6a927b39\" data-element_type=\"section\" data-settings=\"{&quot;background_background&quot;:&quot;classic&quot;}\">\n\t\t\t\t\t\t<div class=\"elementor-container elementor-column-gap-no\">\n\t\t\t\t\t\t\t<div class=\"elementor-row\">\n\t\t\t\t\t<div class=\"elementor-column elementor-col-50 elementor-top-column elementor-element elementor-element-3dc2f3bf\" data-id=\"3dc2f3bf\" data-element_type=\"column\">\n\t\t\t<div class=\"elementor-column-wrap elementor-element-populated\">\n\t\t\t\t\t\t\t<div class=\"elementor-widget-wrap\">\n\t\t\t\t\t\t<div class=\"elementor-element elementor-element-79cbe1 elementor-widget elementor-widget-heading\" data-id=\"79cbe1\" data-element_type=\"widget\" data-widget_type=\"heading.default\">\n\t\t\t\t<div class=\"elementor-widget-container\">\n\t\t\t<h3 class=\"elementor-heading-title elementor-size-medium\">\u00bfQu\u00e9 podemos ofrecerte?<\/h3>\t\t<\/div>\n\t\t\t\t<\/div>\n\t\t\t\t<div class=\"elementor-element elementor-element-593e7392 elementor-widget__width-auto elementor-widget elementor-widget-text-editor\" data-id=\"593e7392\" data-element_type=\"widget\" data-widget_type=\"text-editor.default\">\n\t\t\t\t<div class=\"elementor-widget-container\">\n\t\t\t\t\t\t\t\t<div class=\"elementor-text-editor elementor-clearfix\">\n\t\t\t\t<p>Nuestra misi\u00f3n es promover y ensalzar el Arte, practicamos una ardua labor de promoci\u00f3n continua de las tendencias art\u00edsticas, de Artistas amateurs y de los ya consolidados, exhibiendo sus obras en nuestro Centro; realizaremos Exposiciones diversas, Charlas, Eventos,\u00a0 Talleres interesantes, acciones de aprendizaje y Formaci\u00f3n, encuentros de cooperaci\u00f3n y networking, Ferias de arte &#8230;Miramos por\u00a0 el fomento de la internacionalizaci\u00f3n art\u00edstica. Seguimos realizando servicios como Consultor\u00eda; ayudamos y asesoramos a empresarios de distintos gremios en cuanto a normativas y formaci\u00f3n de los trabajadores para incrementar sus capacidades .<\/p>\t\t\t\t\t<\/div>\n\t\t\t\t\t\t<\/div>\n\t\t\t\t<\/div>\n\t\t\t\t\t\t<\/div>\n\t\t\t\t\t<\/div>\n\t\t<\/div>\n\t\t\t\t<div class=\"elementor-column elementor-col-50 elementor-top-column elementor-element elementor-element-7dc6f92a\" data-id=\"7dc6f92a\" data-element_type=\"column\">\n\t\t\t<div class=\"elementor-column-wrap elementor-element-populated\">\n\t\t\t\t\t\t\t<div class=\"elementor-widget-wrap\">\n\t\t\t\t\t\t<div class=\"elementor-element elementor-element-75a52c2c elementor-widget elementor-widget-image\" data-id=\"75a52c2c\" data-element_type=\"widget\" data-widget_type=\"image.default\">\n\t\t\t\t<div class=\"elementor-widget-container\">\n\t\t\t\t\t\t\t\t<div class=\"elementor-image\">\n\t\t\t\t\t\t\t\t\t\t\t\t<img loading=\"-\" decoding=\"async\" decoding=\"async\" width=\"1280\" height=\"844\" src=\"https:\/\/www.studio33center.com\/wp-content\/uploads\/2020\/08\/Esq-puerta.jpg\" class=\"attachment-full size-full\" alt=\"\" srcset=\"https:\/\/www.studio33center.com\/wp-content\/uploads\/2020\/08\/Esq-puerta.jpg 1280w, https:\/\/www.studio33center.com\/wp-content\/uploads\/2020\/08\/Esq-puerta-600x396.jpg 600w, https:\/\/www.studio33center.com\/wp-content\/uploads\/2020\/08\/Esq-puerta-300x198.jpg 300w, https:\/\/www.studio33center.com\/wp-content\/uploads\/2020\/08\/Esq-puerta-1024x675.jpg 1024w, https:\/\/www.studio33center.com\/wp-content\/uploads\/2020\/08\/Esq-puerta-768x506.jpg 768w\" sizes=\"(max-width: 1280px) 100vw, 1280px\" loading=\"lazy\" \/>\t\t\t\t\t\t\t\t\t\t\t\t\t\t<\/div>\n\t\t\t\t\t\t<\/div>\n\t\t\t\t<\/div>\n\t\t\t\t\t\t<\/div>\n\t\t\t\t\t<\/div>\n\t\t<\/div>\n\t\t\t\t\t\t\t\t<\/div>\n\t\t\t\t\t<\/div>\n\t\t<\/section>\n\t\t\t\t\t\t\t\t\t<\/div>\n\t\t\t<\/div>\n\t\t\t\t\t<\/div>\n\t\t","protected":false},"excerpt":{"rendered":"<p>&nbsp; &nbsp; &nbsp; &nbsp; &nbsp;Sobre nosotros&#8230;. Somos un Centro Art\u00edstico Formativo d\u00f3nde ofreceremos una programaci\u00f3n diversa de actividades para todos los p\u00fablicos con un enfoque diferente. Ayudamos a Artistas a promocionar sus obras, a nuestros visitantes a desconectar con Arte y a clientes\/alumnos a mejorar sus competencias y disfrutar con actividades creativas. Un espacio multidisciplinar &hellip;<\/p>\n<p class=\"read-more\"> <a class=\"\" href=\"https:\/\/www.studio33center.com\/\"> <span class=\"screen-reader-text\">Home<\/span> Leer m\u00e1s &raquo;<\/a><\/p>\n","protected":false},"author":1,"featured_media":0,"parent":0,"menu_order":0,"comment_status":"closed","ping_status":"closed","template":"","meta":[],"_links":{"self":[{"href":"https:\/\/www.studio33center.com\/index.php\/wp-json\/wp\/v2\/pages\/11"}],"collection":[{"href":"https:\/\/www.studio33center.com\/index.php\/wp-json\/wp\/v2\/pages"}],"about":[{"href":"https:\/\/www.studio33center.com\/index.php\/wp-json\/wp\/v2\/types\/page"}],"author":[{"embeddable":true,"href":"https:\/\/www.studio33center.com\/index.php\/wp-json\/wp\/v2\/users\/1"}],"replies":[{"embeddable":true,"href":"https:\/\/www.studio33center.com\/index.php\/wp-json\/wp\/v2\/comments?post=11"}],"version-history":[{"count":49,"href":"https:\/\/www.studio33center.com\/index.php\/wp-json\/wp\/v2\/pages\/11\/revisions"}],"predecessor-version":[{"id":1071,"href":"https:\/\/www.studio33center.com\/index.php\/wp-json\/wp\/v2\/pages\/11\/revisions\/1071"}],"wp:attachment":[{"href":"https:\/\/www.studio33center.com\/index.php\/wp-json\/wp\/v2\/media?parent=11"}],"curies":[{"name":"wp","href":"https:\/\/api.w.org\/{rel}","templated":true}]}}