{"id":146,"date":"2020-09-13T17:24:51","date_gmt":"2020-09-13T17:24:51","guid":{"rendered":"http:\/\/www.studio33center.com\/?page_id=146"},"modified":"2020-09-15T17:13:04","modified_gmt":"2020-09-15T17:13:04","slug":"consultoria","status":"publish","type":"page","link":"https:\/\/www.studio33center.com\/index.php\/consultoria\/","title":{"rendered":"Consultor\u00eda"},"content":{"rendered":"\t\t<div data-elementor-type=\"wp-page\" data-elementor-id=\"146\" class=\"elementor elementor-146\">\n\t\t\t\t\t\t<div class=\"elementor-inner\">\n\t\t\t\t<div class=\"elementor-section-wrap\">\n\t\t\t\t\t\t\t\t\t<section class=\"elementor-section elementor-top-section elementor-element elementor-element-392e4601 elementor-section-content-middle elementor-section-boxed elementor-section-height-default elementor-section-height-default\" data-id=\"392e4601\" data-element_type=\"section\" data-settings=\"{&quot;background_background&quot;:&quot;classic&quot;}\">\n\t\t\t\t\t\t<div class=\"elementor-container elementor-column-gap-no\">\n\t\t\t\t\t\t\t<div class=\"elementor-row\">\n\t\t\t\t\t<div class=\"elementor-column elementor-col-50 elementor-top-column elementor-element elementor-element-386e8c87\" data-id=\"386e8c87\" data-element_type=\"column\">\n\t\t\t<div class=\"elementor-column-wrap elementor-element-populated\">\n\t\t\t\t\t\t\t<div class=\"elementor-widget-wrap\">\n\t\t\t\t\t\t<div class=\"elementor-element elementor-element-113b95d elementor-widget elementor-widget-image\" data-id=\"113b95d\" data-element_type=\"widget\" data-widget_type=\"image.default\">\n\t\t\t\t<div class=\"elementor-widget-container\">\n\t\t\t\t\t\t\t\t<div class=\"elementor-image\">\n\t\t\t\t\t\t\t\t\t\t\t\t<img loading=\"-\" decoding=\"async\" decoding=\"async\" width=\"800\" height=\"615\" src=\"https:\/\/www.studio33center.com\/wp-content\/uploads\/2020\/09\/primer-empleado-3_ampliacion.jpg\" class=\"attachment-full size-full\" alt=\"\" srcset=\"https:\/\/www.studio33center.com\/wp-content\/uploads\/2020\/09\/primer-empleado-3_ampliacion.jpg 800w, https:\/\/www.studio33center.com\/wp-content\/uploads\/2020\/09\/primer-empleado-3_ampliacion-300x231.jpg 300w, https:\/\/www.studio33center.com\/wp-content\/uploads\/2020\/09\/primer-empleado-3_ampliacion-768x590.jpg 768w, https:\/\/www.studio33center.com\/wp-content\/uploads\/2020\/09\/primer-empleado-3_ampliacion-600x461.jpg 600w\" sizes=\"(max-width: 800px) 100vw, 800px\" loading=\"lazy\" \/>\t\t\t\t\t\t\t\t\t\t\t\t\t\t<\/div>\n\t\t\t\t\t\t<\/div>\n\t\t\t\t<\/div>\n\t\t\t\t\t\t<\/div>\n\t\t\t\t\t<\/div>\n\t\t<\/div>\n\t\t\t\t<div class=\"elementor-column elementor-col-50 elementor-top-column elementor-element elementor-element-29c33c33\" data-id=\"29c33c33\" data-element_type=\"column\">\n\t\t\t<div class=\"elementor-column-wrap elementor-element-populated\">\n\t\t\t\t\t\t\t<div class=\"elementor-widget-wrap\">\n\t\t\t\t\t\t<div class=\"elementor-element elementor-element-4174bfc1 elementor-widget elementor-widget-heading\" data-id=\"4174bfc1\" data-element_type=\"widget\" data-widget_type=\"heading.default\">\n\t\t\t\t<div class=\"elementor-widget-container\">\n\t\t\t<h4 class=\"elementor-heading-title elementor-size-default\">+ Apoyo para Empresas y Aut\u00f3nomos<\/h4>\t\t<\/div>\n\t\t\t\t<\/div>\n\t\t\t\t<div class=\"elementor-element elementor-element-39d02826 elementor-widget elementor-widget-text-editor\" data-id=\"39d02826\" data-element_type=\"widget\" data-widget_type=\"text-editor.default\">\n\t\t\t\t<div class=\"elementor-widget-container\">\n\t\t\t\t\t\t\t\t<div class=\"elementor-text-editor elementor-clearfix\">\n\t\t\t\t<p>Ofrecemos desde el nuevo Centro, <strong>Servicios de Consultor\u00eda<\/strong> seg\u00fan sus necesidades, una soluci\u00f3n global para ellos que incluye:\u00a0 \u00a0 \u00a0 \u00a0 \u00a0 \u00a0 \u00a0 \u00a0<strong>*<\/strong> El asesoramiento en cuanto a Formaci\u00f3n para <span style=\"text-decoration: underline;\"><em>mejorar habilidades y productividad <\/em><\/span>de los trabajadores.\u00a0 \u00a0 \u00a0 \u00a0 \u00a0 \u00a0 \u00a0 \u00a0 \u00a0 \u00a0 \u00a0 \u00a0 \u00a0 \u00a0 \u00a0 \u00a0 \u00a0 \u00a0 \u00a0<strong>*<\/strong> <span style=\"text-decoration: underline;\"><em>Impartimos<\/em><\/span> Clases de reciclaje,Virtuales, Talleres intensivos&#8230; \u00a0 \u00a0 \u00a0 <strong>\u00a0*<\/strong> Gesti\u00f3n y tramitaci\u00f3n de\u00a0<b><i> Contratos de Formaci\u00f3n<\/i><\/b> para fomentar empleo y el aprendizaje. Incluso contamos con Bolsa de empleo de menores de 25 a\u00f1os (diversos gremios)= <span style=\"text-decoration: underline;\"><em>ahorro Seguros sociales.<\/em><\/span> <strong>*<\/strong> Asesoramos sobre Normativa frente al <span style=\"text-decoration: underline;\"><em>Covid 19<\/em><\/span> y otras reglas de obligado cumplimiento por todos exigidas por ley:\u00a0 \u00a0 \u00a0 \u00a0 \u00a0 \u00a0 Realizamos <em><span style=\"text-decoration: underline;\">Plan de Higiene<\/span>, adaptaci\u00f3n de<\/em> <span style=\"text-decoration: underline;\"><em>Al\u00e9rgenos<\/em><\/span>, de <span style=\"text-decoration: underline;\"><em>Protecci\u00f3n de Datos<\/em><\/span> y apoyo en <span style=\"text-decoration: underline;\"><em>Autogesti\u00f3n<\/em><\/span> de Prevenci\u00f3n de Riesgos por el empresario (su formaci\u00f3n) para reducir costes.<\/p><p><em>Cons\u00faltanos y vemos en lo que podemos ayudarte!<\/em><\/p>\t\t\t\t\t<\/div>\n\t\t\t\t\t\t<\/div>\n\t\t\t\t<\/div>\n\t\t\t\t\t\t<\/div>\n\t\t\t\t\t<\/div>\n\t\t<\/div>\n\t\t\t\t\t\t\t\t<\/div>\n\t\t\t\t\t<\/div>\n\t\t<\/section>\n\t\t\t\t<section class=\"elementor-section elementor-top-section elementor-element elementor-element-32ef2a2b elementor-section-content-middle elementor-section-boxed elementor-section-height-default elementor-section-height-default\" data-id=\"32ef2a2b\" data-element_type=\"section\" data-settings=\"{&quot;background_background&quot;:&quot;classic&quot;}\">\n\t\t\t\t\t\t<div class=\"elementor-container elementor-column-gap-no\">\n\t\t\t\t\t\t\t<div class=\"elementor-row\">\n\t\t\t\t\t<div class=\"elementor-column elementor-col-100 elementor-top-column elementor-element elementor-element-3bfb66bc\" data-id=\"3bfb66bc\" data-element_type=\"column\">\n\t\t\t<div class=\"elementor-column-wrap elementor-element-populated\">\n\t\t\t\t\t\t\t<div class=\"elementor-widget-wrap\">\n\t\t\t\t\t\t<div class=\"elementor-element elementor-element-1c31fb93 gallery-spacing-custom elementor-widget elementor-widget-image-gallery\" data-id=\"1c31fb93\" data-element_type=\"widget\" data-widget_type=\"image-gallery.default\">\n\t\t\t\t<div class=\"elementor-widget-container\">\n\t\t\t\t\t<div class=\"elementor-image-gallery\">\n\t\t\t<div id='gallery-1' class='gallery galleryid-146 gallery-columns-3 gallery-size-full'><figure class='gallery-item'>\n\t\t\t<div class='gallery-icon landscape'>\n\t\t\t\t<a data-elementor-open-lightbox=\"yes\" data-elementor-lightbox-slideshow=\"1c31fb93\" data-elementor-lightbox-title=\"Autocontrol seguridad e higiene Rests\" e-action-hash=\"#elementor-action%3Aaction%3Dlightbox%26settings%3DeyJpZCI6Mjg2LCJ1cmwiOiJodHRwczpcL1wvd3d3LnN0dWRpbzMzY2VudGVyLmNvbVwvd3AtY29udGVudFwvdXBsb2Fkc1wvMjAyMFwvMDlcL3Npc3RlbWEtZGUtYXV0b2NvbnRyb2wtcGFyYS1sYS1zZWd1cmlkYWQtZS1oaWdpZW5lLWRlLWxvcy1hbGltZW50b3MucG5nIiwic2xpZGVzaG93IjoiMWMzMWZiOTMifQ%3D%3D\" href='https:\/\/www.studio33center.com\/wp-content\/uploads\/2020\/09\/sistema-de-autocontrol-para-la-seguridad-e-higiene-de-los-alimentos.png'><img loading=\"-\" decoding=\"async\" width=\"900\" height=\"533\" src=\"https:\/\/www.studio33center.com\/wp-content\/uploads\/2020\/09\/sistema-de-autocontrol-para-la-seguridad-e-higiene-de-los-alimentos.png\" class=\"attachment-full size-full\" alt=\"\" decoding=\"async\" srcset=\"https:\/\/www.studio33center.com\/wp-content\/uploads\/2020\/09\/sistema-de-autocontrol-para-la-seguridad-e-higiene-de-los-alimentos.png 900w, https:\/\/www.studio33center.com\/wp-content\/uploads\/2020\/09\/sistema-de-autocontrol-para-la-seguridad-e-higiene-de-los-alimentos-300x178.png 300w, https:\/\/www.studio33center.com\/wp-content\/uploads\/2020\/09\/sistema-de-autocontrol-para-la-seguridad-e-higiene-de-los-alimentos-768x455.png 768w, https:\/\/www.studio33center.com\/wp-content\/uploads\/2020\/09\/sistema-de-autocontrol-para-la-seguridad-e-higiene-de-los-alimentos-600x355.png 600w\" sizes=\"(max-width: 900px) 100vw, 900px\" loading=\"lazy\" \/><\/a>\n\t\t\t<\/div><\/figure><figure class='gallery-item'>\n\t\t\t<div class='gallery-icon landscape'>\n\t\t\t\t<a data-elementor-open-lightbox=\"yes\" data-elementor-lightbox-slideshow=\"1c31fb93\" data-elementor-lightbox-title=\"Recomendaciones coronavirus\" e-action-hash=\"#elementor-action%3Aaction%3Dlightbox%26settings%3DeyJpZCI6MzQ1LCJ1cmwiOiJodHRwczpcL1wvd3d3LnN0dWRpbzMzY2VudGVyLmNvbVwvd3AtY29udGVudFwvdXBsb2Fkc1wvMjAyMFwvMDlcL1JlY29tZW5kYWNpb25lcy1Db3ZpZC1SZXN0LmpwZyIsInNsaWRlc2hvdyI6IjFjMzFmYjkzIn0%3D\" href='https:\/\/www.studio33center.com\/wp-content\/uploads\/2020\/09\/Recomendaciones-Covid-Rest.jpg'><img loading=\"-\" decoding=\"async\" width=\"1024\" height=\"750\" src=\"https:\/\/www.studio33center.com\/wp-content\/uploads\/2020\/09\/Recomendaciones-Covid-Rest.jpg\" class=\"attachment-full size-full\" alt=\"\" decoding=\"async\" aria-describedby=\"gallery-1-345\" srcset=\"https:\/\/www.studio33center.com\/wp-content\/uploads\/2020\/09\/Recomendaciones-Covid-Rest.jpg 1024w, https:\/\/www.studio33center.com\/wp-content\/uploads\/2020\/09\/Recomendaciones-Covid-Rest-300x220.jpg 300w, https:\/\/www.studio33center.com\/wp-content\/uploads\/2020\/09\/Recomendaciones-Covid-Rest-768x563.jpg 768w, https:\/\/www.studio33center.com\/wp-content\/uploads\/2020\/09\/Recomendaciones-Covid-Rest-600x439.jpg 600w\" sizes=\"(max-width: 1024px) 100vw, 1024px\" loading=\"lazy\" \/><\/a>\n\t\t\t<\/div>\n\t\t\t\t<figcaption class='wp-caption-text gallery-caption' id='gallery-1-345'>\n\t\t\t\tHosteler\u00eda: evitar transmisi\u00f3n del coronavirus\nECONOMIA\n\t\t\t\t<\/figcaption><\/figure><figure class='gallery-item'>\n\t\t\t<div class='gallery-icon landscape'>\n\t\t\t\t<a data-elementor-open-lightbox=\"yes\" data-elementor-lightbox-slideshow=\"1c31fb93\" data-elementor-lightbox-title=\"Autogesti\u00f3n por Empresario\" e-action-hash=\"#elementor-action%3Aaction%3Dlightbox%26settings%3DeyJpZCI6Mjg4LCJ1cmwiOiJodHRwczpcL1wvd3d3LnN0dWRpbzMzY2VudGVyLmNvbVwvd3AtY29udGVudFwvdXBsb2Fkc1wvMjAyMFwvMDlcL1BVQkxJUFJMLmpwZyIsInNsaWRlc2hvdyI6IjFjMzFmYjkzIn0%3D\" href='https:\/\/www.studio33center.com\/wp-content\/uploads\/2020\/09\/PUBLIPRL.jpg'><img loading=\"-\" decoding=\"async\" width=\"1888\" height=\"1078\" src=\"https:\/\/www.studio33center.com\/wp-content\/uploads\/2020\/09\/PUBLIPRL.jpg\" class=\"attachment-full size-full\" alt=\"\" decoding=\"async\" aria-describedby=\"gallery-1-288\" srcset=\"https:\/\/www.studio33center.com\/wp-content\/uploads\/2020\/09\/PUBLIPRL.jpg 1888w, https:\/\/www.studio33center.com\/wp-content\/uploads\/2020\/09\/PUBLIPRL-300x171.jpg 300w, https:\/\/www.studio33center.com\/wp-content\/uploads\/2020\/09\/PUBLIPRL-1024x585.jpg 1024w, https:\/\/www.studio33center.com\/wp-content\/uploads\/2020\/09\/PUBLIPRL-768x439.jpg 768w, https:\/\/www.studio33center.com\/wp-content\/uploads\/2020\/09\/PUBLIPRL-1536x877.jpg 1536w, https:\/\/www.studio33center.com\/wp-content\/uploads\/2020\/09\/PUBLIPRL-600x343.jpg 600w\" sizes=\"(max-width: 1888px) 100vw, 1888px\" loading=\"lazy\" \/><\/a>\n\t\t\t<\/div>\n\t\t\t\t<figcaption class='wp-caption-text gallery-caption' id='gallery-1-288'>\n\t\t\t\t= Ahorro\n\t\t\t\t<\/figcaption><\/figure>\n\t\t<\/div>\n\t\t<\/div>\n\t\t\t\t<\/div>\n\t\t\t\t<\/div>\n\t\t\t\t\t\t<\/div>\n\t\t\t\t\t<\/div>\n\t\t<\/div>\n\t\t\t\t\t\t\t\t<\/div>\n\t\t\t\t\t<\/div>\n\t\t<\/section>\n\t\t\t\t\t\t\t\t\t<\/div>\n\t\t\t<\/div>\n\t\t\t\t\t<\/div>\n\t\t","protected":false},"excerpt":{"rendered":"<p>+ Apoyo para Empresas y Aut\u00f3nomos Ofrecemos desde el nuevo Centro, Servicios de Consultor\u00eda seg\u00fan sus necesidades, una soluci\u00f3n global para ellos que incluye:\u00a0 \u00a0 \u00a0 \u00a0 \u00a0 \u00a0 \u00a0 \u00a0* El asesoramiento en cuanto a Formaci\u00f3n para mejorar habilidades y productividad de los trabajadores.\u00a0 \u00a0 \u00a0 \u00a0 \u00a0 \u00a0 \u00a0 \u00a0 \u00a0 \u00a0 \u00a0 &hellip;<\/p>\n<p class=\"read-more\"> <a class=\"\" href=\"https:\/\/www.studio33center.com\/index.php\/consultoria\/\"> <span class=\"screen-reader-text\">Consultor\u00eda<\/span> Leer m\u00e1s &raquo;<\/a><\/p>\n","protected":false},"author":1,"featured_media":0,"parent":0,"menu_order":0,"comment_status":"closed","ping_status":"closed","template":"","meta":[],"_links":{"self":[{"href":"https:\/\/www.studio33center.com\/index.php\/wp-json\/wp\/v2\/pages\/146"}],"collection":[{"href":"https:\/\/www.studio33center.com\/index.php\/wp-json\/wp\/v2\/pages"}],"about":[{"href":"https:\/\/www.studio33center.com\/index.php\/wp-json\/wp\/v2\/types\/page"}],"author":[{"embeddable":true,"href":"https:\/\/www.studio33center.com\/index.php\/wp-json\/wp\/v2\/users\/1"}],"replies":[{"embeddable":true,"href":"https:\/\/www.studio33center.com\/index.php\/wp-json\/wp\/v2\/comments?post=146"}],"version-history":[{"count":4,"href":"https:\/\/www.studio33center.com\/index.php\/wp-json\/wp\/v2\/pages\/146\/revisions"}],"predecessor-version":[{"id":346,"href":"https:\/\/www.studio33center.com\/index.php\/wp-json\/wp\/v2\/pages\/146\/revisions\/346"}],"wp:attachment":[{"href":"https:\/\/www.studio33center.com\/index.php\/wp-json\/wp\/v2\/media?parent=146"}],"curies":[{"name":"wp","href":"https:\/\/api.w.org\/{rel}","templated":true}]}}