{"id":219,"date":"2020-08-29T19:35:57","date_gmt":"2020-08-29T19:35:57","guid":{"rendered":"http:\/\/www.studio33center.com\/?page_id=219"},"modified":"2020-09-13T17:58:09","modified_gmt":"2020-09-13T17:58:09","slug":"formacion-profesional","status":"publish","type":"page","link":"https:\/\/www.studio33center.com\/index.php\/formacion-profesional\/","title":{"rendered":"Formaci\u00f3n Profesional"},"content":{"rendered":"\t\t<div data-elementor-type=\"wp-page\" data-elementor-id=\"219\" class=\"elementor elementor-219\">\n\t\t\t\t\t\t<div class=\"elementor-inner\">\n\t\t\t\t<div class=\"elementor-section-wrap\">\n\t\t\t\t\t\t\t\t\t<section class=\"elementor-section elementor-top-section elementor-element elementor-element-2f899d82 elementor-section-content-middle elementor-section-boxed elementor-section-height-default elementor-section-height-default\" data-id=\"2f899d82\" data-element_type=\"section\">\n\t\t\t\t\t\t<div class=\"elementor-container elementor-column-gap-no\">\n\t\t\t\t\t\t\t<div class=\"elementor-row\">\n\t\t\t\t\t<div class=\"elementor-column elementor-col-100 elementor-top-column elementor-element elementor-element-3d8375aa\" data-id=\"3d8375aa\" data-element_type=\"column\">\n\t\t\t<div class=\"elementor-column-wrap elementor-element-populated\">\n\t\t\t\t\t\t\t<div class=\"elementor-widget-wrap\">\n\t\t\t\t\t\t<div class=\"elementor-element elementor-element-1c2e8095 elementor-widget elementor-widget-heading\" data-id=\"1c2e8095\" data-element_type=\"widget\" data-widget_type=\"heading.default\">\n\t\t\t\t<div class=\"elementor-widget-container\">\n\t\t\t<h4 class=\"elementor-heading-title elementor-size-default\">Formaci\u00f3n Subvencionada <\/h4>\t\t<\/div>\n\t\t\t\t<\/div>\n\t\t\t\t<section class=\"elementor-section elementor-inner-section elementor-element elementor-element-d914ed0 elementor-section-content-middle elementor-section-boxed elementor-section-height-default elementor-section-height-default\" data-id=\"d914ed0\" data-element_type=\"section\">\n\t\t\t\t\t\t<div class=\"elementor-container elementor-column-gap-no\">\n\t\t\t\t\t\t\t<div class=\"elementor-row\">\n\t\t\t\t\t<div class=\"elementor-column elementor-col-50 elementor-inner-column elementor-element elementor-element-667fc732\" data-id=\"667fc732\" data-element_type=\"column\">\n\t\t\t<div class=\"elementor-column-wrap elementor-element-populated\">\n\t\t\t\t\t\t\t<div class=\"elementor-widget-wrap\">\n\t\t\t\t\t\t<div class=\"elementor-element elementor-element-44d21a0d elementor-widget elementor-widget-image\" data-id=\"44d21a0d\" data-element_type=\"widget\" data-widget_type=\"image.default\">\n\t\t\t\t<div class=\"elementor-widget-container\">\n\t\t\t\t\t\t\t\t<div class=\"elementor-image\">\n\t\t\t\t\t\t\t\t\t\t\t\t<img loading=\"-\" decoding=\"async\" decoding=\"async\" width=\"1024\" height=\"695\" src=\"https:\/\/www.studio33center.com\/wp-content\/uploads\/2020\/09\/Pizarra-logo-coste0-1024x695.jpg\" class=\"attachment-large size-large\" alt=\"\" srcset=\"https:\/\/www.studio33center.com\/wp-content\/uploads\/2020\/09\/Pizarra-logo-coste0-1024x695.jpg 1024w, https:\/\/www.studio33center.com\/wp-content\/uploads\/2020\/09\/Pizarra-logo-coste0-300x204.jpg 300w, https:\/\/www.studio33center.com\/wp-content\/uploads\/2020\/09\/Pizarra-logo-coste0-768x522.jpg 768w, https:\/\/www.studio33center.com\/wp-content\/uploads\/2020\/09\/Pizarra-logo-coste0-1536x1043.jpg 1536w, https:\/\/www.studio33center.com\/wp-content\/uploads\/2020\/09\/Pizarra-logo-coste0-2048x1391.jpg 2048w, https:\/\/www.studio33center.com\/wp-content\/uploads\/2020\/09\/Pizarra-logo-coste0-600x407.jpg 600w\" sizes=\"(max-width: 1024px) 100vw, 1024px\" loading=\"lazy\" \/>\t\t\t\t\t\t\t\t\t\t\t\t\t\t<\/div>\n\t\t\t\t\t\t<\/div>\n\t\t\t\t<\/div>\n\t\t\t\t\t\t<\/div>\n\t\t\t\t\t<\/div>\n\t\t<\/div>\n\t\t\t\t<div class=\"elementor-column elementor-col-50 elementor-inner-column elementor-element elementor-element-1583f273\" data-id=\"1583f273\" data-element_type=\"column\">\n\t\t\t<div class=\"elementor-column-wrap elementor-element-populated\">\n\t\t\t\t\t\t\t<div class=\"elementor-widget-wrap\">\n\t\t\t\t\t\t<div class=\"elementor-element elementor-element-263bf92d elementor-widget elementor-widget-heading\" data-id=\"263bf92d\" data-element_type=\"widget\" data-widget_type=\"heading.default\">\n\t\t\t\t<div class=\"elementor-widget-container\">\n\t\t\t<h2 class=\"elementor-heading-title elementor-size-default\">GRATU\u00cdTA PARA EMPLEADOS\n\n<\/h2>\t\t<\/div>\n\t\t\t\t<\/div>\n\t\t\t\t<div class=\"elementor-element elementor-element-2ea5b67b elementor-widget elementor-widget-text-editor\" data-id=\"2ea5b67b\" data-element_type=\"widget\" data-widget_type=\"text-editor.default\">\n\t\t\t\t<div class=\"elementor-widget-container\">\n\t\t\t\t\t\t\t\t<div class=\"elementor-text-editor elementor-clearfix\">\n\t\t\t\t<p>Toda empresa cuenta con un Cr\u00e9dito al a\u00f1o para formaci\u00f3n gratuita -instrumento de reciclaje- de trabajadores, para incrementar competitividad, conocimientos y mejorando su productividad.<\/p><p>Fomentamos y desarrollamos actividades de <strong>Formaci\u00f3n Subvencionada<\/strong>, con el objetivo de contribuir a la optimizaci\u00f3n en todos los sectores.\u00a0 Con estas ayudas, se plantea incentivar a empresas y aut\u00f3nomos (red b\u00e1sica de nuestra econom\u00eda), a maximizar esfuerzo de inversi\u00f3n en capital humano que lleva asociado.\u00a0<\/p><p>Crea motivaci\u00f3n al trabajador por sentir el inter\u00e9s de su empresa por su mejora constante.<\/p><p>\u00a0<\/p>\t\t\t\t\t<\/div>\n\t\t\t\t\t\t<\/div>\n\t\t\t\t<\/div>\n\t\t\t\t\t\t<\/div>\n\t\t\t\t\t<\/div>\n\t\t<\/div>\n\t\t\t\t\t\t\t\t<\/div>\n\t\t\t\t\t<\/div>\n\t\t<\/section>\n\t\t\t\t<section class=\"elementor-section elementor-inner-section elementor-element elementor-element-455810ba elementor-section-content-middle elementor-reverse-mobile elementor-section-boxed elementor-section-height-default elementor-section-height-default\" data-id=\"455810ba\" data-element_type=\"section\">\n\t\t\t\t\t\t<div class=\"elementor-container elementor-column-gap-no\">\n\t\t\t\t\t\t\t<div class=\"elementor-row\">\n\t\t\t\t\t<div class=\"elementor-column elementor-col-50 elementor-inner-column elementor-element elementor-element-5a9c08fb\" data-id=\"5a9c08fb\" data-element_type=\"column\">\n\t\t\t<div class=\"elementor-column-wrap elementor-element-populated\">\n\t\t\t\t\t\t\t<div class=\"elementor-widget-wrap\">\n\t\t\t\t\t\t<div class=\"elementor-element elementor-element-1a949a72 elementor-widget elementor-widget-heading\" data-id=\"1a949a72\" data-element_type=\"widget\" data-widget_type=\"heading.default\">\n\t\t\t\t<div class=\"elementor-widget-container\">\n\t\t\t<h2 class=\"elementor-heading-title elementor-size-default\">FORMACI\u00d3N PARA EL EMPLEO<\/h2>\t\t<\/div>\n\t\t\t\t<\/div>\n\t\t\t\t<div class=\"elementor-element elementor-element-7c5e6dee elementor-widget elementor-widget-text-editor\" data-id=\"7c5e6dee\" data-element_type=\"widget\" data-widget_type=\"text-editor.default\">\n\t\t\t\t<div class=\"elementor-widget-container\">\n\t\t\t\t\t\t\t\t<div class=\"elementor-text-editor elementor-clearfix\">\n\t\t\t\t<p>Estas acciones Formativas no representan coste alguno., <strong>bonificandose el 100% <\/strong>mediante descuento en Seguridad Social, por cotizar el a\u00f1o anterior. Toda empresa y aut\u00f3nomo con personal asegurado disponen de un <strong>cr\u00e9dito de formaci\u00f3n<\/strong>. Ofrecemos la gesti\u00f3n de dicho <strong>cr\u00e9dito<\/strong>, con el fin de realizar todos los tr\u00e1mites administrativos que \u00e9sta conlleva.\u00a0 \u00a0Brindamos <strong>soluciones de Consultor\u00eda y formaci\u00f3n<\/strong> para mayor cualificaci\u00f3n profesional de los trabajadores, permitiendo que nuestras Empresas-clientes alcancen mayor umbral de competencia.<\/p>\t\t\t\t\t<\/div>\n\t\t\t\t\t\t<\/div>\n\t\t\t\t<\/div>\n\t\t\t\t\t\t<\/div>\n\t\t\t\t\t<\/div>\n\t\t<\/div>\n\t\t\t\t<div class=\"elementor-column elementor-col-50 elementor-inner-column elementor-element elementor-element-663e42dc\" data-id=\"663e42dc\" data-element_type=\"column\">\n\t\t\t<div class=\"elementor-column-wrap elementor-element-populated\">\n\t\t\t\t\t\t\t<div class=\"elementor-widget-wrap\">\n\t\t\t\t\t\t<div class=\"elementor-element elementor-element-7637f418 elementor-widget elementor-widget-image\" data-id=\"7637f418\" data-element_type=\"widget\" data-widget_type=\"image.default\">\n\t\t\t\t<div class=\"elementor-widget-container\">\n\t\t\t\t\t\t\t\t<div class=\"elementor-image\">\n\t\t\t\t\t\t\t\t\t\t\t\t<img loading=\"-\" decoding=\"async\" decoding=\"async\" width=\"855\" height=\"624\" src=\"https:\/\/www.studio33center.com\/wp-content\/uploads\/2020\/08\/grupo.jpg\" class=\"attachment-large size-large\" alt=\"\" srcset=\"https:\/\/www.studio33center.com\/wp-content\/uploads\/2020\/08\/grupo.jpg 855w, https:\/\/www.studio33center.com\/wp-content\/uploads\/2020\/08\/grupo-300x219.jpg 300w, https:\/\/www.studio33center.com\/wp-content\/uploads\/2020\/08\/grupo-768x561.jpg 768w, https:\/\/www.studio33center.com\/wp-content\/uploads\/2020\/08\/grupo-600x438.jpg 600w\" sizes=\"(max-width: 855px) 100vw, 855px\" loading=\"lazy\" \/>\t\t\t\t\t\t\t\t\t\t\t\t\t\t<\/div>\n\t\t\t\t\t\t<\/div>\n\t\t\t\t<\/div>\n\t\t\t\t\t\t<\/div>\n\t\t\t\t\t<\/div>\n\t\t<\/div>\n\t\t\t\t\t\t\t\t<\/div>\n\t\t\t\t\t<\/div>\n\t\t<\/section>\n\t\t\t\t\t\t<\/div>\n\t\t\t\t\t<\/div>\n\t\t<\/div>\n\t\t\t\t\t\t\t\t<\/div>\n\t\t\t\t\t<\/div>\n\t\t<\/section>\n\t\t\t\t<section class=\"elementor-section elementor-top-section elementor-element elementor-element-325dad6f elementor-section-content-middle elementor-section-boxed elementor-section-height-default elementor-section-height-default\" data-id=\"325dad6f\" data-element_type=\"section\">\n\t\t\t\t\t\t<div class=\"elementor-container elementor-column-gap-no\">\n\t\t\t\t\t\t\t<div class=\"elementor-row\">\n\t\t\t\t\t<div class=\"elementor-column elementor-col-100 elementor-top-column elementor-element elementor-element-393ff8d2\" data-id=\"393ff8d2\" data-element_type=\"column\">\n\t\t\t<div class=\"elementor-column-wrap elementor-element-populated\">\n\t\t\t\t\t\t\t<div class=\"elementor-widget-wrap\">\n\t\t\t\t\t\t<section class=\"elementor-section elementor-inner-section elementor-element elementor-element-47141a3 elementor-section-content-middle elementor-section-boxed elementor-section-height-default elementor-section-height-default\" data-id=\"47141a3\" data-element_type=\"section\">\n\t\t\t\t\t\t<div class=\"elementor-container elementor-column-gap-no\">\n\t\t\t\t\t\t\t<div class=\"elementor-row\">\n\t\t\t\t\t<div class=\"elementor-column elementor-col-50 elementor-inner-column elementor-element elementor-element-617c484e\" data-id=\"617c484e\" data-element_type=\"column\">\n\t\t\t<div class=\"elementor-column-wrap elementor-element-populated\">\n\t\t\t\t\t\t\t<div class=\"elementor-widget-wrap\">\n\t\t\t\t\t\t<div class=\"elementor-element elementor-element-2bb57e9d elementor-widget elementor-widget-image\" data-id=\"2bb57e9d\" data-element_type=\"widget\" data-widget_type=\"image.default\">\n\t\t\t\t<div class=\"elementor-widget-container\">\n\t\t\t\t\t\t\t\t<div class=\"elementor-image\">\n\t\t\t\t\t\t\t\t\t\t\t\t<img loading=\"-\" decoding=\"async\" decoding=\"async\" width=\"1024\" height=\"700\" src=\"https:\/\/www.studio33center.com\/wp-content\/uploads\/2020\/09\/Publi-Formac-1024x700.jpg\" class=\"attachment-large size-large\" alt=\"\" srcset=\"https:\/\/www.studio33center.com\/wp-content\/uploads\/2020\/09\/Publi-Formac-1024x700.jpg 1024w, https:\/\/www.studio33center.com\/wp-content\/uploads\/2020\/09\/Publi-Formac-300x205.jpg 300w, https:\/\/www.studio33center.com\/wp-content\/uploads\/2020\/09\/Publi-Formac-768x525.jpg 768w, https:\/\/www.studio33center.com\/wp-content\/uploads\/2020\/09\/Publi-Formac-1536x1051.jpg 1536w, https:\/\/www.studio33center.com\/wp-content\/uploads\/2020\/09\/Publi-Formac-2048x1401.jpg 2048w, https:\/\/www.studio33center.com\/wp-content\/uploads\/2020\/09\/Publi-Formac-600x410.jpg 600w\" sizes=\"(max-width: 1024px) 100vw, 1024px\" loading=\"lazy\" \/>\t\t\t\t\t\t\t\t\t\t\t\t\t\t<\/div>\n\t\t\t\t\t\t<\/div>\n\t\t\t\t<\/div>\n\t\t\t\t\t\t<\/div>\n\t\t\t\t\t<\/div>\n\t\t<\/div>\n\t\t\t\t<div class=\"elementor-column elementor-col-50 elementor-inner-column elementor-element elementor-element-3c178852\" data-id=\"3c178852\" data-element_type=\"column\">\n\t\t\t<div class=\"elementor-column-wrap elementor-element-populated\">\n\t\t\t\t\t\t\t<div class=\"elementor-widget-wrap\">\n\t\t\t\t\t\t<div class=\"elementor-element elementor-element-32ad6524 elementor-widget elementor-widget-heading\" data-id=\"32ad6524\" data-element_type=\"widget\" data-widget_type=\"heading.default\">\n\t\t\t\t<div class=\"elementor-widget-container\">\n\t\t\t<h2 class=\"elementor-heading-title elementor-size-default\">PLATAFORMAS ON-LINE<\/h2>\t\t<\/div>\n\t\t\t\t<\/div>\n\t\t\t\t<div class=\"elementor-element elementor-element-1c1b3a94 elementor-widget elementor-widget-text-editor\" data-id=\"1c1b3a94\" data-element_type=\"widget\" data-widget_type=\"text-editor.default\">\n\t\t\t\t<div class=\"elementor-widget-container\">\n\t\t\t\t\t\t\t\t<div class=\"elementor-text-editor elementor-clearfix\">\n\t\t\t\t<p>Somos Entidad Organizadora homologada por Fundae desde hace m\u00e1s de 6 a\u00f1os, asesorando-controlando el correcto desarrollo y gesti\u00f3n de la Formaci\u00f3n Subvencionada. Tramitamos su bonificaci\u00f3n, y colaboramos con empresas homologadas para poder ofrecer cualquier formaci\u00f3n que nos soliciten. Reforzamos formaciones con clases presenciales para afianzar conocimientos, talleres y charlas tem\u00e1ticas.<\/p><p><a href=\"http:\/\/www.plataformateleformacion.com\/lcursos\/cursos_elearning.php\" target=\"_blank\" rel=\"noopener\"><u>CAT\u00c1LOGO DE CURSOS<\/u><\/a><\/p>\t\t\t\t\t<\/div>\n\t\t\t\t\t\t<\/div>\n\t\t\t\t<\/div>\n\t\t\t\t\t\t<\/div>\n\t\t\t\t\t<\/div>\n\t\t<\/div>\n\t\t\t\t\t\t\t\t<\/div>\n\t\t\t\t\t<\/div>\n\t\t<\/section>\n\t\t\t\t<section class=\"elementor-section elementor-inner-section elementor-element elementor-element-4b748fd5 elementor-section-content-middle elementor-reverse-mobile elementor-section-boxed elementor-section-height-default elementor-section-height-default\" data-id=\"4b748fd5\" data-element_type=\"section\">\n\t\t\t\t\t\t<div class=\"elementor-container elementor-column-gap-no\">\n\t\t\t\t\t\t\t<div class=\"elementor-row\">\n\t\t\t\t\t<div class=\"elementor-column elementor-col-50 elementor-inner-column elementor-element elementor-element-7f11f200\" data-id=\"7f11f200\" data-element_type=\"column\">\n\t\t\t<div class=\"elementor-column-wrap elementor-element-populated\">\n\t\t\t\t\t\t\t<div class=\"elementor-widget-wrap\">\n\t\t\t\t\t\t<div class=\"elementor-element elementor-element-61fc567f elementor-widget elementor-widget-heading\" data-id=\"61fc567f\" data-element_type=\"widget\" data-widget_type=\"heading.default\">\n\t\t\t\t<div class=\"elementor-widget-container\">\n\t\t\t<h2 class=\"elementor-heading-title elementor-size-default\">COMO VALOR ESTRAT\u00c9GICO<\/h2>\t\t<\/div>\n\t\t\t\t<\/div>\n\t\t\t\t<div class=\"elementor-element elementor-element-1012cd27 elementor-widget elementor-widget-text-editor\" data-id=\"1012cd27\" data-element_type=\"widget\" data-widget_type=\"text-editor.default\">\n\t\t\t\t<div class=\"elementor-widget-container\">\n\t\t\t\t\t\t\t\t<div class=\"elementor-text-editor elementor-clearfix\">\n\t\t\t\t<p>La experiencia de evoluci\u00f3n alcanzada con <strong>Formaci\u00f3n<\/strong>, nos anima a continuar con m\u00e1xima ilusi\u00f3n nuestra gesti\u00f3n docente, ofreciendo todo nuestro inter\u00e9s en la mejora constante de la gesti\u00f3n y de la oferta formativa, para un mayor desarrollo de empresas y alumnos que participan de nuestros Servicios.\u00a0 \u00a0 \u00a0 \u00a0 \u00a0 \u00a0 \u00a0 \u00a0 \u00a0 \u00a0 \u00a0 \u00a0 \u00a0 \u00a0Analizamos las opiniones de alumnos y empresas que conf\u00edan en nosotros para incentivar nuestra pol\u00edtica de calidad.<\/p><p><strong>Cont\u00e1ctanos para cualquier duda o cuesti\u00f3n: 637701456<\/strong><\/p>\t\t\t\t\t<\/div>\n\t\t\t\t\t\t<\/div>\n\t\t\t\t<\/div>\n\t\t\t\t\t\t<\/div>\n\t\t\t\t\t<\/div>\n\t\t<\/div>\n\t\t\t\t<div class=\"elementor-column elementor-col-50 elementor-inner-column elementor-element elementor-element-1f4e08ff\" data-id=\"1f4e08ff\" data-element_type=\"column\">\n\t\t\t<div class=\"elementor-column-wrap elementor-element-populated\">\n\t\t\t\t\t\t\t<div class=\"elementor-widget-wrap\">\n\t\t\t\t\t\t<div class=\"elementor-element elementor-element-5099d3e5 elementor-widget elementor-widget-image\" data-id=\"5099d3e5\" data-element_type=\"widget\" data-widget_type=\"image.default\">\n\t\t\t\t<div class=\"elementor-widget-container\">\n\t\t\t\t\t\t\t\t<div class=\"elementor-image\">\n\t\t\t\t\t\t\t\t\t\t\t\t<img loading=\"-\" decoding=\"async\" decoding=\"async\" width=\"674\" height=\"420\" src=\"https:\/\/www.studio33center.com\/wp-content\/uploads\/2020\/08\/ok.jpg\" class=\"attachment-large size-large\" alt=\"\" srcset=\"https:\/\/www.studio33center.com\/wp-content\/uploads\/2020\/08\/ok.jpg 674w, https:\/\/www.studio33center.com\/wp-content\/uploads\/2020\/08\/ok-300x187.jpg 300w, https:\/\/www.studio33center.com\/wp-content\/uploads\/2020\/08\/ok-600x374.jpg 600w\" sizes=\"(max-width: 674px) 100vw, 674px\" loading=\"lazy\" \/>\t\t\t\t\t\t\t\t\t\t\t\t\t\t<\/div>\n\t\t\t\t\t\t<\/div>\n\t\t\t\t<\/div>\n\t\t\t\t\t\t<\/div>\n\t\t\t\t\t<\/div>\n\t\t<\/div>\n\t\t\t\t\t\t\t\t<\/div>\n\t\t\t\t\t<\/div>\n\t\t<\/section>\n\t\t\t\t\t\t<\/div>\n\t\t\t\t\t<\/div>\n\t\t<\/div>\n\t\t\t\t\t\t\t\t<\/div>\n\t\t\t\t\t<\/div>\n\t\t<\/section>\n\t\t\t\t\t\t\t\t\t<\/div>\n\t\t\t<\/div>\n\t\t\t\t\t<\/div>\n\t\t","protected":false},"excerpt":{"rendered":"<p>Formaci\u00f3n Subvencionada GRATU\u00cdTA PARA EMPLEADOS Toda empresa cuenta con un Cr\u00e9dito al a\u00f1o para formaci\u00f3n gratuita -instrumento de reciclaje- de trabajadores, para incrementar competitividad, conocimientos y mejorando su productividad. Fomentamos y desarrollamos actividades de Formaci\u00f3n Subvencionada, con el objetivo de contribuir a la optimizaci\u00f3n en todos los sectores.\u00a0 Con estas ayudas, se plantea incentivar a &hellip;<\/p>\n<p class=\"read-more\"> <a class=\"\" href=\"https:\/\/www.studio33center.com\/index.php\/formacion-profesional\/\"> <span class=\"screen-reader-text\">Formaci\u00f3n Profesional<\/span> Leer m\u00e1s &raquo;<\/a><\/p>\n","protected":false},"author":1,"featured_media":0,"parent":0,"menu_order":0,"comment_status":"closed","ping_status":"closed","template":"","meta":[],"_links":{"self":[{"href":"https:\/\/www.studio33center.com\/index.php\/wp-json\/wp\/v2\/pages\/219"}],"collection":[{"href":"https:\/\/www.studio33center.com\/index.php\/wp-json\/wp\/v2\/pages"}],"about":[{"href":"https:\/\/www.studio33center.com\/index.php\/wp-json\/wp\/v2\/types\/page"}],"author":[{"embeddable":true,"href":"https:\/\/www.studio33center.com\/index.php\/wp-json\/wp\/v2\/users\/1"}],"replies":[{"embeddable":true,"href":"https:\/\/www.studio33center.com\/index.php\/wp-json\/wp\/v2\/comments?post=219"}],"version-history":[{"count":13,"href":"https:\/\/www.studio33center.com\/index.php\/wp-json\/wp\/v2\/pages\/219\/revisions"}],"predecessor-version":[{"id":347,"href":"https:\/\/www.studio33center.com\/index.php\/wp-json\/wp\/v2\/pages\/219\/revisions\/347"}],"wp:attachment":[{"href":"https:\/\/www.studio33center.com\/index.php\/wp-json\/wp\/v2\/media?parent=219"}],"curies":[{"name":"wp","href":"https:\/\/api.w.org\/{rel}","templated":true}]}}