{"id":451,"date":"2020-10-03T15:11:37","date_gmt":"2020-10-03T15:11:37","guid":{"rendered":"http:\/\/www.studio33center.com\/?post_type=product&#038;p=451"},"modified":"2020-10-03T15:12:54","modified_gmt":"2020-10-03T15:12:54","slug":"monalisa","status":"publish","type":"product","link":"https:\/\/www.studio33center.com\/index.php\/producto\/monalisa\/","title":{"rendered":"Monalisa"},"content":{"rendered":"<p>By Luis Sandino. Medida: 1mx60cm. T\u00e9cnica mixta: acr\u00edlico + \u00d3leo sobre tablex, creada en 2020<\/p>\n","protected":false},"excerpt":{"rendered":"<p>By Luis Sandino. Medida: 1mx60cm. T\u00e9cnica mixta: acr\u00edlico + \u00d3leo sobre tablex, creada en 2020<\/p>\n","protected":false},"featured_media":452,"comment_status":"open","ping_status":"closed","template":"","meta":[],"product_cat":[24],"product_tag":[],"_links":{"self":[{"href":"https:\/\/www.studio33center.com\/index.php\/wp-json\/wp\/v2\/product\/451"}],"collection":[{"href":"https:\/\/www.studio33center.com\/index.php\/wp-json\/wp\/v2\/product"}],"about":[{"href":"https:\/\/www.studio33center.com\/index.php\/wp-json\/wp\/v2\/types\/product"}],"replies":[{"embeddable":true,"href":"https:\/\/www.studio33center.com\/index.php\/wp-json\/wp\/v2\/comments?post=451"}],"wp:featuredmedia":[{"embeddable":true,"href":"https:\/\/www.studio33center.com\/index.php\/wp-json\/wp\/v2\/media\/452"}],"wp:attachment":[{"href":"https:\/\/www.studio33center.com\/index.php\/wp-json\/wp\/v2\/media?parent=451"}],"wp:term":[{"taxonomy":"product_cat","embeddable":true,"href":"https:\/\/www.studio33center.com\/index.php\/wp-json\/wp\/v2\/product_cat?post=451"},{"taxonomy":"product_tag","embeddable":true,"href":"https:\/\/www.studio33center.com\/index.php\/wp-json\/wp\/v2\/product_tag?post=451"}],"curies":[{"name":"wp","href":"https:\/\/api.w.org\/{rel}","templated":true}]}}