{"id":557,"date":"2020-10-10T18:20:04","date_gmt":"2020-10-10T18:20:04","guid":{"rendered":"http:\/\/www.studio33center.com\/?post_type=product&#038;p=557"},"modified":"2024-03-19T15:58:19","modified_gmt":"2024-03-19T15:58:19","slug":"2-in-1-audry-regalo-personalizado","status":"publish","type":"product","link":"https:\/\/www.studio33center.com\/index.php\/producto\/2-in-1-audry-regalo-personalizado\/","title":{"rendered":"&#8220;2 in 1&#8221;: Audry. Regalo personalizado!"},"content":{"rendered":"<p>Metacrilato de 30&#215;40 o a medida pintado en \u00f3leo : cel\u00e9brity, familiar, mascota&#8230;env\u00eda tu foto y lo creamos en estilo Pop Art, pintado en los tonos deseados, y poni\u00e9ndole una luz se obra la Magia, el reflejo en la pared se hace del tama\u00f1o que quieras incluso techo. \u00danico y original para regalar . Viene con la base de madera natural. Sorprende a quien amas!!!!<\/p>\n","protected":false},"excerpt":{"rendered":"<p><img loading=\"-\" decoding=\"async\" decoding=\"async\" class=\"alignnone size-medium wp-image-559\" src=\"http:\/\/www.studio33center.com\/wp-content\/uploads\/2020\/10\/Audry-metacr-257x300.jpg\" alt=\"\" width=\"257\" height=\"300\" srcset=\"https:\/\/www.studio33center.com\/wp-content\/uploads\/2020\/10\/Audry-metacr-257x300.jpg 257w, https:\/\/www.studio33center.com\/wp-content\/uploads\/2020\/10\/Audry-metacr-879x1024.jpg 879w, https:\/\/www.studio33center.com\/wp-content\/uploads\/2020\/10\/Audry-metacr-768x895.jpg 768w, https:\/\/www.studio33center.com\/wp-content\/uploads\/2020\/10\/Audry-metacr-1318x1536.jpg 1318w, https:\/\/www.studio33center.com\/wp-content\/uploads\/2020\/10\/Audry-metacr-1758x2048.jpg 1758w, https:\/\/www.studio33center.com\/wp-content\/uploads\/2020\/10\/Audry-metacr-600x699.jpg 600w, https:\/\/www.studio33center.com\/wp-content\/uploads\/2020\/10\/Audry-metacr.jpg 1925w\" sizes=\"(max-width: 257px) 100vw, 257px\" \/><\/p>\n","protected":false},"featured_media":558,"comment_status":"open","ping_status":"closed","template":"","meta":[],"product_cat":[24],"product_tag":[],"_links":{"self":[{"href":"https:\/\/www.studio33center.com\/index.php\/wp-json\/wp\/v2\/product\/557"}],"collection":[{"href":"https:\/\/www.studio33center.com\/index.php\/wp-json\/wp\/v2\/product"}],"about":[{"href":"https:\/\/www.studio33center.com\/index.php\/wp-json\/wp\/v2\/types\/product"}],"replies":[{"embeddable":true,"href":"https:\/\/www.studio33center.com\/index.php\/wp-json\/wp\/v2\/comments?post=557"}],"wp:featuredmedia":[{"embeddable":true,"href":"https:\/\/www.studio33center.com\/index.php\/wp-json\/wp\/v2\/media\/558"}],"wp:attachment":[{"href":"https:\/\/www.studio33center.com\/index.php\/wp-json\/wp\/v2\/media?parent=557"}],"wp:term":[{"taxonomy":"product_cat","embeddable":true,"href":"https:\/\/www.studio33center.com\/index.php\/wp-json\/wp\/v2\/product_cat?post=557"},{"taxonomy":"product_tag","embeddable":true,"href":"https:\/\/www.studio33center.com\/index.php\/wp-json\/wp\/v2\/product_tag?post=557"}],"curies":[{"name":"wp","href":"https:\/\/api.w.org\/{rel}","templated":true}]}}